{"id":2488,"date":"2024-06-25T10:23:16","date_gmt":"2024-06-25T08:23:16","guid":{"rendered":"https:\/\/riddle.autoosta.lv\/papildus-pakalpojumi\/"},"modified":"2024-07-24T21:14:57","modified_gmt":"2024-07-24T19:14:57","slug":"papildus-pakalpojumi","status":"publish","type":"page","link":"https:\/\/www.autoosta.lv\/en\/papildus-pakalpojumi\/","title":{"rendered":"Additional services"},"content":{"rendered":"<p>[et_pb_section fb_built=&#8221;1&#8243; custom_padding_last_edited=&#8221;off|desktop&#8221; _builder_version=&#8221;4.24.2&#8243; _module_preset=&#8221;default&#8221; global_colors_info=&#8221;{}&#8221; theme_builder_area=&#8221;post_content&#8221;][et_pb_row _builder_version=&#8221;4.25.2&#8243; _module_preset=&#8221;default&#8221; global_colors_info=&#8221;{}&#8221; theme_builder_area=&#8221;post_content&#8221;][et_pb_column type=&#8221;4_4&#8243; _builder_version=&#8221;4.25.2&#8243; _module_preset=&#8221;default&#8221; global_colors_info=&#8221;{}&#8221; theme_builder_area=&#8221;post_content&#8221;][et_pb_image src=&#8221;https:\/\/www.autoosta.lv\/wp-content\/uploads\/2024\/06\/99.png&#8221; title_text=&#8221;99&#8243; align=&#8221;center&#8221; _builder_version=&#8221;4.25.2&#8243; _module_preset=&#8221;default&#8221; width=&#8221;100%&#8221; max_width=&#8221;100%&#8221; custom_margin=&#8221;|0px||0px|false|false&#8221; custom_padding=&#8221;|0px||0px|false|false&#8221; global_colors_info=&#8221;{}&#8221; theme_builder_area=&#8221;post_content&#8221;][\/et_pb_image][\/et_pb_column][\/et_pb_row][et_pb_row _builder_version=&#8221;4.24.1&#8243; _module_preset=&#8221;db2bd1cf-bd86-4b51-ad59-03df74052c96&#8243; custom_margin=&#8221;0px||32px||false|false&#8221; global_colors_info=&#8221;{}&#8221; theme_builder_area=&#8221;post_content&#8221;][et_pb_column type=&#8221;4_4&#8243; _builder_version=&#8221;4.24.1&#8243; _module_preset=&#8221;default&#8221; global_colors_info=&#8221;{}&#8221; theme_builder_area=&#8221;post_content&#8221;][et_pb_text _builder_version=&#8221;4.26.0&#8243; _module_preset=&#8221;default&#8221; custom_margin=&#8221;8px||0px||false|false&#8221; custom_padding=&#8221;5px||||false|false&#8221; global_colors_info=&#8221;{}&#8221; theme_builder_area=&#8221;post_content&#8221;]<\/p>\n<h2 style=\"text-align: center;\"><span data-metadata=\"&lt;!--(figmeta)eyJmaWxlS2V5IjoiaG1TbFZyVlRkQXhCYzlRaG5HT2RwNiIsInBhc3RlSUQiOjE2OTM4NzA4MjksImRhdGFUeXBlIjoic2NlbmUifQo=(\/figmeta)--&gt;\"><\/span><strong>\u00a0<b>Riga International Coach Terminal and its business partners offer the following additional services:<\/b><\/strong><span><\/span><\/h2>\n<p>[\/et_pb_text][\/et_pb_column][\/et_pb_row][et_pb_row column_structure=&#8221;1_4,3_4&#8243; disabled_on=&#8221;on|on|on&#8221; _builder_version=&#8221;4.25.2&#8243; _module_preset=&#8221;default&#8221; module_alignment=&#8221;left&#8221; disabled=&#8221;on&#8221; global_colors_info=&#8221;{}&#8221; theme_builder_area=&#8221;post_content&#8221;][et_pb_column type=&#8221;1_4&#8243; _builder_version=&#8221;4.25.2&#8243; _module_preset=&#8221;default&#8221; global_colors_info=&#8221;{}&#8221; theme_builder_area=&#8221;post_content&#8221;][et_pb_image src=&#8221;https:\/\/www.autoosta.lv\/wp-content\/uploads\/2024\/06\/1-2.png&#8221; title_text=&#8221;1&#8243; align=&#8221;right&#8221; _builder_version=&#8221;4.25.2&#8243; _module_preset=&#8221;default&#8221; module_alignment=&#8221;right&#8221; min_height=&#8221;100px&#8221; height=&#8221;100px&#8221; max_height=&#8221;100px&#8221; box_shadow_style=&#8221;preset2&#8243; global_colors_info=&#8221;{}&#8221; theme_builder_area=&#8221;post_content&#8221;][\/et_pb_image][et_pb_image src=&#8221;https:\/\/www.autoosta.lv\/wp-content\/uploads\/2024\/06\/2-2.png&#8221; title_text=&#8221;2&#8243; align=&#8221;right&#8221; _builder_version=&#8221;4.25.2&#8243; _module_preset=&#8221;default&#8221; module_alignment=&#8221;right&#8221; min_height=&#8221;100px&#8221; height=&#8221;100px&#8221; max_height=&#8221;100px&#8221; custom_margin=&#8221;-30px||10px||false|false&#8221; box_shadow_style=&#8221;preset2&#8243; global_colors_info=&#8221;{}&#8221; theme_builder_area=&#8221;post_content&#8221;][\/et_pb_image][et_pb_image src=&#8221;https:\/\/www.autoosta.lv\/wp-content\/uploads\/2024\/06\/3.png&#8221; title_text=&#8221;3&#8243; align=&#8221;right&#8221; _builder_version=&#8221;4.25.2&#8243; _module_preset=&#8221;default&#8221; module_alignment=&#8221;right&#8221; min_height=&#8221;100px&#8221; height=&#8221;100px&#8221; max_height=&#8221;100px&#8221; box_shadow_style=&#8221;preset2&#8243; global_colors_info=&#8221;{}&#8221; theme_builder_area=&#8221;post_content&#8221;][\/et_pb_image][et_pb_image src=&#8221;https:\/\/www.autoosta.lv\/wp-content\/uploads\/2024\/06\/4.png&#8221; title_text=&#8221;4&#8243; align=&#8221;right&#8221; _builder_version=&#8221;4.25.2&#8243; _module_preset=&#8221;default&#8221; module_alignment=&#8221;right&#8221; min_height=&#8221;100px&#8221; height=&#8221;100px&#8221; max_height=&#8221;100px&#8221; custom_margin=&#8221;-29px||10px||false|false&#8221; box_shadow_style=&#8221;preset2&#8243; global_colors_info=&#8221;{}&#8221; theme_builder_area=&#8221;post_content&#8221;][\/et_pb_image][et_pb_image src=&#8221;https:\/\/www.autoosta.lv\/wp-content\/uploads\/2024\/06\/5-1.png&#8221; title_text=&#8221;5&#8243; align=&#8221;right&#8221; _builder_version=&#8221;4.25.2&#8243; _module_preset=&#8221;default&#8221; module_alignment=&#8221;right&#8221; min_height=&#8221;100px&#8221; height=&#8221;100px&#8221; max_height=&#8221;100px&#8221; box_shadow_style=&#8221;preset2&#8243; global_colors_info=&#8221;{}&#8221; theme_builder_area=&#8221;post_content&#8221;][\/et_pb_image][et_pb_image src=&#8221;https:\/\/www.autoosta.lv\/wp-content\/uploads\/2024\/06\/6-2.png&#8221; title_text=&#8221;6&#8243; align=&#8221;right&#8221; _builder_version=&#8221;4.25.2&#8243; _module_preset=&#8221;default&#8221; module_alignment=&#8221;right&#8221; min_height=&#8221;100px&#8221; height=&#8221;100px&#8221; max_height=&#8221;100px&#8221; custom_margin=&#8221;-29px||11px||false|false&#8221; custom_padding=&#8221;0px||0px||false|false&#8221; box_shadow_style=&#8221;preset2&#8243; global_colors_info=&#8221;{}&#8221; theme_builder_area=&#8221;post_content&#8221;][\/et_pb_image][et_pb_image src=&#8221;https:\/\/www.autoosta.lv\/wp-content\/uploads\/2024\/06\/9.png&#8221; title_text=&#8221;9&#8243; align=&#8221;right&#8221; _builder_version=&#8221;4.25.2&#8243; _module_preset=&#8221;default&#8221; module_alignment=&#8221;right&#8221; min_height=&#8221;100px&#8221; height=&#8221;100px&#8221; max_height=&#8221;100px&#8221; box_shadow_style=&#8221;preset2&#8243; global_colors_info=&#8221;{}&#8221; theme_builder_area=&#8221;post_content&#8221;][\/et_pb_image][et_pb_image src=&#8221;https:\/\/www.autoosta.lv\/wp-content\/uploads\/2024\/06\/10.png&#8221; title_text=&#8221;10&#8243; align=&#8221;right&#8221; _builder_version=&#8221;4.25.2&#8243; _module_preset=&#8221;default&#8221; module_alignment=&#8221;right&#8221; min_height=&#8221;100px&#8221; height=&#8221;100px&#8221; max_height=&#8221;100px&#8221; custom_margin=&#8221;-29px||10px||false|false&#8221; box_shadow_style=&#8221;preset2&#8243; global_colors_info=&#8221;{}&#8221; theme_builder_area=&#8221;post_content&#8221;][\/et_pb_image][et_pb_image src=&#8221;https:\/\/www.autoosta.lv\/wp-content\/uploads\/2024\/06\/11.png&#8221; title_text=&#8221;11&#8243; align=&#8221;right&#8221; _builder_version=&#8221;4.25.2&#8243; _module_preset=&#8221;default&#8221; module_alignment=&#8221;right&#8221; min_height=&#8221;100px&#8221; height=&#8221;100px&#8221; max_height=&#8221;100px&#8221; box_shadow_style=&#8221;preset2&#8243; global_colors_info=&#8221;{}&#8221; theme_builder_area=&#8221;post_content&#8221;][\/et_pb_image][et_pb_image src=&#8221;https:\/\/www.autoosta.lv\/wp-content\/uploads\/2024\/06\/7-1.png&#8221; title_text=&#8221;7&#8243; align=&#8221;right&#8221; _builder_version=&#8221;4.25.2&#8243; _module_preset=&#8221;default&#8221; module_alignment=&#8221;right&#8221; min_height=&#8221;100px&#8221; height=&#8221;100px&#8221; max_height=&#8221;100px&#8221; custom_margin=&#8221;-29px||10px||false|false&#8221; box_shadow_style=&#8221;preset2&#8243; global_colors_info=&#8221;{}&#8221; theme_builder_area=&#8221;post_content&#8221;][\/et_pb_image][et_pb_image src=&#8221;https:\/\/www.autoosta.lv\/wp-content\/uploads\/2024\/06\/8-1.png&#8221; title_text=&#8221;8&#8243; align=&#8221;right&#8221; _builder_version=&#8221;4.25.2&#8243; _module_preset=&#8221;default&#8221; module_alignment=&#8221;right&#8221; min_height=&#8221;100px&#8221; height=&#8221;100px&#8221; max_height=&#8221;100px&#8221; box_shadow_style=&#8221;preset2&#8243; global_colors_info=&#8221;{}&#8221; theme_builder_area=&#8221;post_content&#8221;][\/et_pb_image][\/et_pb_column][et_pb_column type=&#8221;3_4&#8243; _builder_version=&#8221;4.25.2&#8243; _module_preset=&#8221;default&#8221; global_colors_info=&#8221;{}&#8221; theme_builder_area=&#8221;post_content&#8221;][et_pb_text admin_label=&#8221;Text&#8221; _builder_version=&#8221;4.25.2&#8243; _module_preset=&#8221;default&#8221; custom_padding=&#8221;|179px||0px|false|false&#8221; global_colors_info=&#8221;{}&#8221; theme_builder_area=&#8221;post_content&#8221;]<\/p>\n<h2>Aptieka<\/h2>\n<p>1.st\u0101v\u0101<\/p>\n<p>[\/et_pb_text][et_pb_text admin_label=&#8221;Text&#8221; _builder_version=&#8221;4.25.2&#8243; _module_preset=&#8221;default&#8221; custom_padding=&#8221;|179px||0px|false|false&#8221; global_colors_info=&#8221;{}&#8221; theme_builder_area=&#8221;post_content&#8221;]<\/p>\n<h2>Optikas veikals<\/h2>\n<p>1.st\u0101v\u0101<\/p>\n<p>[\/et_pb_text][et_pb_text admin_label=&#8221;Text&#8221; _builder_version=&#8221;4.25.2&#8243; _module_preset=&#8221;default&#8221; custom_margin=&#8221;-7px||||false|false&#8221; custom_padding=&#8221;|179px||0px|false|false&#8221; global_colors_info=&#8221;{}&#8221; theme_builder_area=&#8221;post_content&#8221;]<\/p>\n<h2><span>Da\u017e\u0101du banku bankom\u0101ti<\/span><\/h2>\n<p><span>Swedbank, SEB bank, Citadele banka, Luminor Bank<\/span><\/p>\n<p>1.st\u0101v\u0101<\/p>\n<p>[\/et_pb_text][et_pb_text admin_label=&#8221;Text&#8221; _builder_version=&#8221;4.25.2&#8243; _module_preset=&#8221;default&#8221; custom_margin=&#8221;-25px||||false|false&#8221; custom_padding=&#8221;0px|179px|0px|0px|false|false&#8221; global_colors_info=&#8221;{}&#8221; theme_builder_area=&#8221;post_content&#8221;]<\/p>\n<h2>Vair\u0101kas uzkodu un dz\u0113rienu tirdzniec\u012bbas vietas un karsto dz\u0113rienu un uzkodu autom\u0101ti<\/h2>\n<p>1.st\u0101v\u0101<\/p>\n<p>[\/et_pb_text][et_pb_text admin_label=&#8221;Text&#8221; _builder_version=&#8221;4.25.2&#8243; _module_preset=&#8221;default&#8221; custom_padding=&#8221;|179px||0px|false|false&#8221; global_colors_info=&#8221;{}&#8221; theme_builder_area=&#8221;post_content&#8221;]<\/p>\n<h2>Suven\u012bri un d\u0101vanas<\/h2>\n<p>1.st\u0101v\u0101<\/p>\n<p>[\/et_pb_text][et_pb_text admin_label=&#8221;Text&#8221; _builder_version=&#8221;4.25.2&#8243; _module_preset=&#8221;default&#8221; custom_margin=&#8221;-12px||||false|false&#8221; custom_padding=&#8221;|179px||0px|false|false&#8221; global_colors_info=&#8221;{}&#8221; theme_builder_area=&#8221;post_content&#8221;]<\/p>\n<h2><span>Mobilo t\u0101lru\u0146u aksesu\u0101ru tirdzniec\u012bbas vieta<\/span><\/h2>\n<p>1.st\u0101v\u0101<\/p>\n<p>[\/et_pb_text][et_pb_text admin_label=&#8221;Text&#8221; _builder_version=&#8221;4.25.2&#8243; _module_preset=&#8221;default&#8221; custom_padding=&#8221;|179px||0px|false|false&#8221; global_colors_info=&#8221;{}&#8221; theme_builder_area=&#8221;post_content&#8221;]<\/p>\n<h2>WiFi<\/h2>\n<p>1.st\u0101v\u0101 un 2.st\u0101v\u0101<\/p>\n<p>[\/et_pb_text][et_pb_text admin_label=&#8221;Text&#8221; _builder_version=&#8221;4.25.2&#8243; _module_preset=&#8221;default&#8221; custom_padding=&#8221;|179px||0px|false|false&#8221; global_colors_info=&#8221;{}&#8221; theme_builder_area=&#8221;post_content&#8221;]<\/p>\n<h2>Br\u012bvpieejas las\u012btava<\/h2>\n<p>2.st\u0101v\u0101<\/p>\n<p>[\/et_pb_text][et_pb_text admin_label=&#8221;Text&#8221; _builder_version=&#8221;4.25.2&#8243; _module_preset=&#8221;default&#8221; custom_padding=&#8221;|179px||0px|false|false&#8221; global_colors_info=&#8221;{}&#8221; theme_builder_area=&#8221;post_content&#8221;]<\/p>\n<h2>B\u0113rnu atp\u016btas st\u016br\u012btis<\/h2>\n<p>2.st\u0101v\u0101<\/p>\n<p>[\/et_pb_text][et_pb_text admin_label=&#8221;Text&#8221; _builder_version=&#8221;4.25.2&#8243; _module_preset=&#8221;default&#8221; custom_margin=&#8221;-7px||||false|false&#8221; custom_padding=&#8221;|179px||0px|false|false&#8221; global_colors_info=&#8221;{}&#8221; theme_builder_area=&#8221;post_content&#8221;]<\/p>\n<h2>RPSIA \u201cR\u012bgas Satiksme\u201d klientu centrs<\/h2>\n<p>1.st\u0101v\u0101<\/p>\n<p><a href=\"https:\/\/www.rigassatiksme.lv\/lv\/\" target=\"_blank\" rel=\"noopener\">https:\/\/www.rigassatiksme.lv\/lv\/<\/a><\/p>\n<p>[\/et_pb_text][et_pb_text admin_label=&#8221;Text&#8221; _builder_version=&#8221;4.25.2&#8243; _module_preset=&#8221;default&#8221; custom_margin=&#8221;-19px||||false|false&#8221; custom_padding=&#8221;|179px||0px|false|false&#8221; global_colors_info=&#8221;{}&#8221; theme_builder_area=&#8221;post_content&#8221;]<\/p>\n<h2>Pakom\u0101ts &#8220;Omniva&#8221;<\/h2>\n<p>1.st\u0101v\u0101<\/p>\n<p><a href=\"https:\/\/www.omniva.lv\/lav\" target=\"_blank\" rel=\"noopener\">https:\/\/www.omniva.lv\/lav<\/a><\/p>\n<p>[\/et_pb_text][\/et_pb_column][\/et_pb_row][\/et_pb_section][et_pb_section fb_built=&#8221;1&#8243; _builder_version=&#8221;4.25.2&#8243; _module_preset=&#8221;default&#8221; locked=&#8221;off&#8221; global_colors_info=&#8221;{}&#8221; theme_builder_area=&#8221;post_content&#8221;][et_pb_row column_structure=&#8221;1_3,1_3,1_3&#8243; _builder_version=&#8221;4.25.2&#8243; _module_preset=&#8221;default&#8221; max_width=&#8221;1000px&#8221; custom_margin=&#8221;35px||0px||false|false&#8221; global_colors_info=&#8221;{}&#8221; theme_builder_area=&#8221;post_content&#8221;][et_pb_column type=&#8221;1_3&#8243; _builder_version=&#8221;4.25.2&#8243; _module_preset=&#8221;default&#8221; global_colors_info=&#8221;{}&#8221; theme_builder_area=&#8221;post_content&#8221;][et_pb_image src=&#8221;https:\/\/www.autoosta.lv\/wp-content\/uploads\/2024\/07\/pap_pak-1.svg&#8221; title_text=&#8221;pap_pak (1)&#8221; _builder_version=&#8221;4.27.0&#8243; _module_preset=&#8221;default&#8221; background_color=&#8221;gcid-f6183a0a-5f3c-4595-91a1-cf1da3296fed&#8221; border_radii=&#8221;on|5px|5px|5px|5px&#8221; border_width_all=&#8221;4px&#8221; border_color_all=&#8221;gcid-102e6d29-8db0-48e2-ac09-d13012440b1a&#8221; box_shadow_style=&#8221;preset1&#8243; global_colors_info=&#8221;{%22gcid-f6183a0a-5f3c-4595-91a1-cf1da3296fed%22:%91%22background_color%22%93,%22gcid-102e6d29-8db0-48e2-ac09-d13012440b1a%22:%91%22border_color_all%22%93}&#8221; theme_builder_area=&#8221;post_content&#8221;][\/et_pb_image][\/et_pb_column][et_pb_column type=&#8221;1_3&#8243; _builder_version=&#8221;4.25.2&#8243; _module_preset=&#8221;default&#8221; global_colors_info=&#8221;{}&#8221; theme_builder_area=&#8221;post_content&#8221;][et_pb_image src=&#8221;https:\/\/www.autoosta.lv\/wp-content\/uploads\/2024\/07\/pap_pak-2.svg&#8221; title_text=&#8221;pap_pak (2)&#8221; _builder_version=&#8221;4.27.0&#8243; _module_preset=&#8221;default&#8221; background_color=&#8221;gcid-f6183a0a-5f3c-4595-91a1-cf1da3296fed&#8221; border_radii=&#8221;on|5px|5px|5px|5px&#8221; border_width_all=&#8221;4px&#8221; border_color_all=&#8221;gcid-102e6d29-8db0-48e2-ac09-d13012440b1a&#8221; box_shadow_style=&#8221;preset1&#8243; global_colors_info=&#8221;{%22gcid-f6183a0a-5f3c-4595-91a1-cf1da3296fed%22:%91%22background_color%22%93,%22gcid-102e6d29-8db0-48e2-ac09-d13012440b1a%22:%91%22border_color_all%22%93}&#8221; theme_builder_area=&#8221;post_content&#8221;][\/et_pb_image][\/et_pb_column][et_pb_column type=&#8221;1_3&#8243; _builder_version=&#8221;4.25.2&#8243; _module_preset=&#8221;default&#8221; global_colors_info=&#8221;{}&#8221; theme_builder_area=&#8221;post_content&#8221;][et_pb_image src=&#8221;https:\/\/www.autoosta.lv\/wp-content\/uploads\/2024\/07\/pap_pak-3.svg&#8221; title_text=&#8221;pap_pak (3)&#8221; _builder_version=&#8221;4.27.0&#8243; _module_preset=&#8221;default&#8221; background_color=&#8221;gcid-f6183a0a-5f3c-4595-91a1-cf1da3296fed&#8221; border_radii=&#8221;on|5px|5px|5px|5px&#8221; border_width_all=&#8221;4px&#8221; border_color_all=&#8221;gcid-102e6d29-8db0-48e2-ac09-d13012440b1a&#8221; box_shadow_style=&#8221;preset1&#8243; global_colors_info=&#8221;{%22gcid-f6183a0a-5f3c-4595-91a1-cf1da3296fed%22:%91%22background_color%22%93,%22gcid-102e6d29-8db0-48e2-ac09-d13012440b1a%22:%91%22border_color_all%22%93}&#8221; theme_builder_area=&#8221;post_content&#8221;][\/et_pb_image][\/et_pb_column][\/et_pb_row][et_pb_row column_structure=&#8221;1_3,1_3,1_3&#8243; _builder_version=&#8221;4.25.2&#8243; _module_preset=&#8221;default&#8221; max_width=&#8221;1000px&#8221; custom_margin=&#8221;35px||0px||false|false&#8221; global_colors_info=&#8221;{}&#8221; theme_builder_area=&#8221;post_content&#8221;][et_pb_column type=&#8221;1_3&#8243; _builder_version=&#8221;4.25.2&#8243; _module_preset=&#8221;default&#8221; global_colors_info=&#8221;{}&#8221; theme_builder_area=&#8221;post_content&#8221;][et_pb_image src=&#8221;https:\/\/www.autoosta.lv\/wp-content\/uploads\/2024\/07\/pap_pak-4.svg&#8221; title_text=&#8221;pap_pak (4)&#8221; _builder_version=&#8221;4.27.0&#8243; _module_preset=&#8221;default&#8221; background_color=&#8221;gcid-f6183a0a-5f3c-4595-91a1-cf1da3296fed&#8221; border_radii=&#8221;on|5px|5px|5px|5px&#8221; border_width_all=&#8221;4px&#8221; border_color_all=&#8221;gcid-102e6d29-8db0-48e2-ac09-d13012440b1a&#8221; box_shadow_style=&#8221;preset1&#8243; global_colors_info=&#8221;{%22gcid-f6183a0a-5f3c-4595-91a1-cf1da3296fed%22:%91%22background_color%22%93,%22gcid-102e6d29-8db0-48e2-ac09-d13012440b1a%22:%91%22border_color_all%22%93}&#8221; theme_builder_area=&#8221;post_content&#8221;][\/et_pb_image][\/et_pb_column][et_pb_column type=&#8221;1_3&#8243; _builder_version=&#8221;4.25.2&#8243; _module_preset=&#8221;default&#8221; global_colors_info=&#8221;{}&#8221; theme_builder_area=&#8221;post_content&#8221;][et_pb_image src=&#8221;https:\/\/www.autoosta.lv\/wp-content\/uploads\/2024\/07\/pap_pak-5.svg&#8221; title_text=&#8221;pap_pak (5)&#8221; _builder_version=&#8221;4.27.0&#8243; _module_preset=&#8221;default&#8221; background_color=&#8221;gcid-f6183a0a-5f3c-4595-91a1-cf1da3296fed&#8221; border_radii=&#8221;on|5px|5px|5px|5px&#8221; border_width_all=&#8221;4px&#8221; border_color_all=&#8221;gcid-102e6d29-8db0-48e2-ac09-d13012440b1a&#8221; box_shadow_style=&#8221;preset1&#8243; global_colors_info=&#8221;{%22gcid-f6183a0a-5f3c-4595-91a1-cf1da3296fed%22:%91%22background_color%22%93,%22gcid-102e6d29-8db0-48e2-ac09-d13012440b1a%22:%91%22border_color_all%22%93}&#8221; theme_builder_area=&#8221;post_content&#8221;][\/et_pb_image][\/et_pb_column][et_pb_column type=&#8221;1_3&#8243; _builder_version=&#8221;4.25.2&#8243; _module_preset=&#8221;default&#8221; global_colors_info=&#8221;{}&#8221; theme_builder_area=&#8221;post_content&#8221;][et_pb_image src=&#8221;https:\/\/www.autoosta.lv\/wp-content\/uploads\/2024\/07\/pap_pak-6.svg&#8221; title_text=&#8221;pap_pak (6)&#8221; _builder_version=&#8221;4.27.0&#8243; _module_preset=&#8221;default&#8221; background_color=&#8221;gcid-f6183a0a-5f3c-4595-91a1-cf1da3296fed&#8221; border_radii=&#8221;on|5px|5px|5px|5px&#8221; border_width_all=&#8221;4px&#8221; border_color_all=&#8221;gcid-102e6d29-8db0-48e2-ac09-d13012440b1a&#8221; box_shadow_style=&#8221;preset1&#8243; global_colors_info=&#8221;{%22gcid-f6183a0a-5f3c-4595-91a1-cf1da3296fed%22:%91%22background_color%22%93,%22gcid-102e6d29-8db0-48e2-ac09-d13012440b1a%22:%91%22border_color_all%22%93}&#8221; theme_builder_area=&#8221;post_content&#8221;][\/et_pb_image][\/et_pb_column][\/et_pb_row][et_pb_row column_structure=&#8221;1_3,1_3,1_3&#8243; _builder_version=&#8221;4.25.2&#8243; _module_preset=&#8221;default&#8221; max_width=&#8221;1000px&#8221; custom_margin=&#8221;35px||0px||false|false&#8221; global_colors_info=&#8221;{}&#8221; theme_builder_area=&#8221;post_content&#8221;][et_pb_column type=&#8221;1_3&#8243; _builder_version=&#8221;4.25.2&#8243; _module_preset=&#8221;default&#8221; global_colors_info=&#8221;{}&#8221; theme_builder_area=&#8221;post_content&#8221;][et_pb_image src=&#8221;https:\/\/www.autoosta.lv\/wp-content\/uploads\/2024\/07\/pap_pak-7.svg&#8221; title_text=&#8221;pap_pak (7)&#8221; _builder_version=&#8221;4.27.0&#8243; _module_preset=&#8221;default&#8221; background_color=&#8221;gcid-f6183a0a-5f3c-4595-91a1-cf1da3296fed&#8221; border_radii=&#8221;on|5px|5px|5px|5px&#8221; border_width_all=&#8221;4px&#8221; border_color_all=&#8221;gcid-102e6d29-8db0-48e2-ac09-d13012440b1a&#8221; box_shadow_style=&#8221;preset1&#8243; global_colors_info=&#8221;{%22gcid-f6183a0a-5f3c-4595-91a1-cf1da3296fed%22:%91%22background_color%22%93,%22gcid-102e6d29-8db0-48e2-ac09-d13012440b1a%22:%91%22border_color_all%22%93}&#8221; theme_builder_area=&#8221;post_content&#8221;][\/et_pb_image][\/et_pb_column][et_pb_column type=&#8221;1_3&#8243; _builder_version=&#8221;4.25.2&#8243; _module_preset=&#8221;default&#8221; global_colors_info=&#8221;{}&#8221; theme_builder_area=&#8221;post_content&#8221;][et_pb_image src=&#8221;https:\/\/www.autoosta.lv\/wp-content\/uploads\/2024\/07\/pap_pak-8.svg&#8221; title_text=&#8221;pap_pak (8)&#8221; _builder_version=&#8221;4.27.0&#8243; _module_preset=&#8221;default&#8221; background_color=&#8221;gcid-f6183a0a-5f3c-4595-91a1-cf1da3296fed&#8221; border_radii=&#8221;on|5px|5px|5px|5px&#8221; border_width_all=&#8221;4px&#8221; border_color_all=&#8221;gcid-102e6d29-8db0-48e2-ac09-d13012440b1a&#8221; box_shadow_style=&#8221;preset1&#8243; global_colors_info=&#8221;{%22gcid-f6183a0a-5f3c-4595-91a1-cf1da3296fed%22:%91%22background_color%22%93,%22gcid-102e6d29-8db0-48e2-ac09-d13012440b1a%22:%91%22border_color_all%22%93}&#8221; theme_builder_area=&#8221;post_content&#8221;][\/et_pb_image][\/et_pb_column][et_pb_column type=&#8221;1_3&#8243; _builder_version=&#8221;4.25.2&#8243; _module_preset=&#8221;default&#8221; global_colors_info=&#8221;{}&#8221; theme_builder_area=&#8221;post_content&#8221;][et_pb_image src=&#8221;https:\/\/www.autoosta.lv\/wp-content\/uploads\/2024\/07\/pap_pak-9.svg&#8221; title_text=&#8221;pap_pak (9)&#8221; _builder_version=&#8221;4.27.0&#8243; _module_preset=&#8221;default&#8221; background_color=&#8221;gcid-f6183a0a-5f3c-4595-91a1-cf1da3296fed&#8221; border_radii=&#8221;on|5px|5px|5px|5px&#8221; border_width_all=&#8221;4px&#8221; border_color_all=&#8221;gcid-102e6d29-8db0-48e2-ac09-d13012440b1a&#8221; box_shadow_style=&#8221;preset1&#8243; global_colors_info=&#8221;{%22gcid-f6183a0a-5f3c-4595-91a1-cf1da3296fed%22:%91%22background_color%22%93,%22gcid-102e6d29-8db0-48e2-ac09-d13012440b1a%22:%91%22border_color_all%22%93}&#8221; theme_builder_area=&#8221;post_content&#8221;][\/et_pb_image][\/et_pb_column][\/et_pb_row][et_pb_row column_structure=&#8221;1_3,1_3,1_3&#8243; _builder_version=&#8221;4.25.2&#8243; _module_preset=&#8221;default&#8221; max_width=&#8221;1000px&#8221; custom_margin=&#8221;35px||0px||false|false&#8221; global_colors_info=&#8221;{}&#8221; theme_builder_area=&#8221;post_content&#8221;][et_pb_column type=&#8221;1_3&#8243; _builder_version=&#8221;4.25.2&#8243; _module_preset=&#8221;default&#8221; global_colors_info=&#8221;{}&#8221; theme_builder_area=&#8221;post_content&#8221;][et_pb_image src=&#8221;https:\/\/www.autoosta.lv\/wp-content\/uploads\/2024\/07\/pap_pak-10.svg&#8221; title_text=&#8221;pap_pak (10)&#8221; url=&#8221;https:\/\/www.rigassatiksme.lv&#8221; _builder_version=&#8221;4.27.0&#8243; _module_preset=&#8221;default&#8221; background_color=&#8221;gcid-f6183a0a-5f3c-4595-91a1-cf1da3296fed&#8221; border_radii=&#8221;on|5px|5px|5px|5px&#8221; border_width_all=&#8221;4px&#8221; border_color_all=&#8221;gcid-102e6d29-8db0-48e2-ac09-d13012440b1a&#8221; box_shadow_style=&#8221;preset1&#8243; global_colors_info=&#8221;{%22gcid-f6183a0a-5f3c-4595-91a1-cf1da3296fed%22:%91%22background_color%22%93,%22gcid-102e6d29-8db0-48e2-ac09-d13012440b1a%22:%91%22border_color_all%22%93}&#8221; theme_builder_area=&#8221;post_content&#8221;][\/et_pb_image][\/et_pb_column][et_pb_column type=&#8221;1_3&#8243; _builder_version=&#8221;4.25.2&#8243; _module_preset=&#8221;default&#8221; global_colors_info=&#8221;{}&#8221; theme_builder_area=&#8221;post_content&#8221;][et_pb_image src=&#8221;https:\/\/www.autoosta.lv\/wp-content\/uploads\/2024\/07\/pap_pak-11.svg&#8221; title_text=&#8221;pap_pak (11)&#8221; url=&#8221;https:\/\/www.omniva.lv&#8221; _builder_version=&#8221;4.27.0&#8243; _module_preset=&#8221;default&#8221; background_color=&#8221;gcid-f6183a0a-5f3c-4595-91a1-cf1da3296fed&#8221; border_radii=&#8221;on|5px|5px|5px|5px&#8221; border_width_all=&#8221;4px&#8221; border_color_all=&#8221;gcid-102e6d29-8db0-48e2-ac09-d13012440b1a&#8221; box_shadow_style=&#8221;preset1&#8243; global_colors_info=&#8221;{%22gcid-f6183a0a-5f3c-4595-91a1-cf1da3296fed%22:%91%22background_color%22%93,%22gcid-102e6d29-8db0-48e2-ac09-d13012440b1a%22:%91%22border_color_all%22%93}&#8221; theme_builder_area=&#8221;post_content&#8221;][\/et_pb_image][\/et_pb_column][et_pb_column type=&#8221;1_3&#8243; _builder_version=&#8221;4.25.2&#8243; _module_preset=&#8221;default&#8221; global_colors_info=&#8221;{}&#8221; theme_builder_area=&#8221;post_content&#8221;][\/et_pb_column][\/et_pb_row][\/et_pb_section]<\/p>\n","protected":false},"excerpt":{"rendered":"<p>\u00a0Riga International Coach Terminal and its business partners offer the following additional services:Aptieka 1.st\u0101v\u0101Optikas veikals 1.st\u0101v\u0101Da\u017e\u0101du banku bankom\u0101ti Swedbank, SEB bank, Citadele banka, Luminor Bank 1.st\u0101v\u0101Vair\u0101kas uzkodu un dz\u0113rienu tirdzniec\u012bbas vietas un karsto dz\u0113rienu un uzkodu autom\u0101ti 1.st\u0101v\u0101Suven\u012bri un d\u0101vanas 1.st\u0101v\u0101Mobilo t\u0101lru\u0146u aksesu\u0101ru tirdzniec\u012bbas vieta 1.st\u0101v\u0101WiFi 1.st\u0101v\u0101 un 2.st\u0101v\u0101Br\u012bvpieejas las\u012btava 2.st\u0101v\u0101B\u0113rnu atp\u016btas st\u016br\u012btis 2.st\u0101v\u0101RPSIA \u201cR\u012bgas [&hellip;]<\/p>\n","protected":false},"author":2,"featured_media":0,"parent":0,"menu_order":0,"comment_status":"closed","ping_status":"closed","template":"","meta":{"_et_pb_use_builder":"on","_et_pb_old_content":"","_et_gb_content_width":"","inline_featured_image":false,"footnotes":""},"class_list":["post-2488","page","type-page","status-publish","hentry"],"_links":{"self":[{"href":"https:\/\/www.autoosta.lv\/en\/wp-json\/wp\/v2\/pages\/2488","targetHints":{"allow":["GET"]}}],"collection":[{"href":"https:\/\/www.autoosta.lv\/en\/wp-json\/wp\/v2\/pages"}],"about":[{"href":"https:\/\/www.autoosta.lv\/en\/wp-json\/wp\/v2\/types\/page"}],"author":[{"embeddable":true,"href":"https:\/\/www.autoosta.lv\/en\/wp-json\/wp\/v2\/users\/2"}],"replies":[{"embeddable":true,"href":"https:\/\/www.autoosta.lv\/en\/wp-json\/wp\/v2\/comments?post=2488"}],"version-history":[{"count":8,"href":"https:\/\/www.autoosta.lv\/en\/wp-json\/wp\/v2\/pages\/2488\/revisions"}],"predecessor-version":[{"id":3053,"href":"https:\/\/www.autoosta.lv\/en\/wp-json\/wp\/v2\/pages\/2488\/revisions\/3053"}],"wp:attachment":[{"href":"https:\/\/www.autoosta.lv\/en\/wp-json\/wp\/v2\/media?parent=2488"}],"curies":[{"name":"wp","href":"https:\/\/api.w.org\/{rel}","templated":true}]}}