{"id":2266,"date":"2024-02-13T15:11:40","date_gmt":"2024-02-13T13:11:40","guid":{"rendered":"https:\/\/riddle.autoosta.lv\/pasazieriem-ar-invaliditati\/"},"modified":"2026-04-20T10:27:05","modified_gmt":"2026-04-20T08:27:05","slug":"pasazieriem-ar-invaliditati","status":"publish","type":"page","link":"https:\/\/www.autoosta.lv\/en\/pasazieriem-ar-invaliditati\/","title":{"rendered":"For passengers with disabilities"},"content":{"rendered":"<p>[et_pb_section fb_built=&#8221;1&#8243; custom_padding_last_edited=&#8221;off|desktop&#8221; _builder_version=&#8221;4.24.2&#8243; _module_preset=&#8221;default&#8221; custom_padding_tablet=&#8221;|0px||0px|false|false&#8221; custom_padding_phone=&#8221;|0px||0px|false|false&#8221; global_colors_info=&#8221;{}&#8221; theme_builder_area=&#8221;post_content&#8221;][et_pb_row _builder_version=&#8221;4.24.2&#8243; _module_preset=&#8221;db2bd1cf-bd86-4b51-ad59-03df74052c96&#8243; custom_margin=&#8221;0px||32px||false|false&#8221; global_colors_info=&#8221;{}&#8221; theme_builder_area=&#8221;post_content&#8221;][et_pb_column type=&#8221;4_4&#8243; _builder_version=&#8221;4.24.1&#8243; _module_preset=&#8221;default&#8221; global_colors_info=&#8221;{}&#8221; theme_builder_area=&#8221;post_content&#8221;][et_pb_text _builder_version=&#8221;4.27.4&#8243; _module_preset=&#8221;default&#8221; background_color=&#8221;rgba(12,113,195,0.19)&#8221; custom_margin=&#8221;||16px||false|false&#8221; custom_padding=&#8221;1px|16px|4px|16px|false|false&#8221; global_colors_info=&#8221;{}&#8221; theme_builder_area=&#8221;post_content&#8221;]<\/p>\n<h2><span data-metadata=\"&lt;!--(figmeta)eyJmaWxlS2V5IjoiaG1TbFZyVlRkQXhCYzlRaG5HT2RwNiIsInBhc3RlSUQiOjY5MTE5MDgsImRhdGFUeXBlIjoic2NlbmUifQo=(\/figmeta)--&gt;\"><\/span><span><b>The terms of Assistance to People with Disabilities<\/b><\/span><\/h2>\n<p style=\"text-align: justify;\"><span><strong>1. <\/strong><\/span>The Joint-Stock Company \u201eR\u012bgas starptautisk\u0101 autoosta\u201d (hereinafter \u2013\u00a0 Coach Terminal) provides people with disabilities the following free assistant help at the Coach Terminal and its territory:<\/p>\n<ul style=\"text-align: justify;\">\n<li>mobility around the Coach Terminal and its territory (including assistance to reach the ticket sales office, the waiting hall, the boarding platform, etc.);<\/li>\n<li>boarding into transport if the provided transport is suitable;<\/li>\n<li>Hand over their luggage;<\/li>\n<li>receive their luggage;<\/li>\n<li>alight from the vehicle.<\/li>\n<\/ul>\n<p><span><strong>2. <\/strong><\/span>To order assistance at the Coach Terminal and its territory as stipulated under Paragraph 1 above:<\/p>\n<ol start=\"2\"><\/ol>\n<ul style=\"text-align: justify;\">\n<li>ierodoties autoost\u0101, j\u0101pazi\u0146o par savu iera\u0161anos autoostas izsaukumu punkt\u0101 pie A ieejas 1.st\u0101v\u0101 un j\u0101uzr\u0101da autoostas person\u0101lam invalidit\u0101tes apliec\u012bba.<\/li>\n<li>the person who will benefit from such assistance shall notify the Coach Terminal staff at least 36 hours in advance;<\/li>\n<li>assistance shall be ordered via telephone + 371 67226658 or\u00a0 online by filling in an electronic application form and sending it to the following e-mail address:<span>\u00a0<\/span><a href=\"mailto:palidziba@autoosta.lv\">palidziba@autoosta.lv<\/a>;<\/li>\n<li>after ordering the service the applicant shall receive a confirmation from the Coach Terminal staff;<\/li>\n<li>having received a confirmation, the person who will benefit from assistance shall arrive at the Coach Terminal no later than 40 minutes prior to the scheduled coach departure time;<\/li>\n<li>upon arrival at the Coach Terminal, the person shall notify the staff at the Assistance call point at entrance A on the 1st floor and present the disability certificate to the bus station staff.<\/li>\n<\/ul>\n<p style=\"text-align: justify;\"><span><strong>3. <\/strong><\/span>In order to book a ride for a person with disabilities and reduced mobility who requires assistance in boarding\/ alighting and needs a technically adapted coach, one shall contact the passenger carrier company serving the required route.<\/p>\n<p style=\"text-align: justify;\"><span><strong>4. <\/strong><\/span>In order to use services available on the 2nd floor of the Terminal building, people with disabilities and people with reduced mobility shall use an elevator (lift). To use the elevator (lift) \u2013 person shall press the call button.<\/p>\n<p style=\"text-align: justify;\"><span><strong>5. <\/strong><\/span>Access to the coach terminal for people with disabilities is possible from Pr\u0101gas Street and is reserved for people with disabilities boarding\/ alighting.<\/p>\n<p style=\"text-align: justify;\"><span><strong>6. <\/strong><\/span>Vehicles with the permit of disability parking allowance can stay in the parking lot free of charge for up to 1 hour in the specially designated place \u2013 the disabled parking lot (entrance from Last\u0101dijas Street).<\/p>\n<p>[\/et_pb_text][et_pb_button button_url=&#8221;https:\/\/www.autoosta.lv\/wp-content\/uploads\/_pda\/2024\/02\/palidzibas-pieteikums-2018-aizpildams.pdf&#8221; url_new_window=&#8221;on&#8221; button_text=&#8221;Order form of Assistance at the Coach Terminal and its Territory  (.pdf format)&#8221; _builder_version=&#8221;4.27.6&#8243; _module_preset=&#8221;af7bad73-01e6-4ebd-8a51-201132b001fd&#8221; button_icon=&#8221;&#xf1c1;||fa||400&#8243; custom_margin=&#8221;||11px|||&#8221; hover_enabled=&#8221;0&#8243; global_colors_info=&#8221;{}&#8221; theme_builder_area=&#8221;post_content&#8221; sticky_enabled=&#8221;0&#8243;][\/et_pb_button][et_pb_button button_url=&#8221;https:\/\/www.autoosta.lv\/en\/private\/5d903145c1ca5b&#8221; url_new_window=&#8221;on&#8221; button_text=&#8221;Order form of Assistance at the Coach Terminal and its Territory (.doc format)&#8221; _builder_version=&#8221;4.27.6&#8243; _module_preset=&#8221;af7bad73-01e6-4ebd-8a51-201132b001fd&#8221; button_icon=&#8221;&#xf1c2;||fa||400&#8243; custom_margin=&#8221;||19px|||&#8221; hover_enabled=&#8221;0&#8243; global_colors_info=&#8221;{}&#8221; theme_builder_area=&#8221;post_content&#8221; sticky_enabled=&#8221;0&#8243;][\/et_pb_button][et_pb_text _builder_version=&#8221;4.26.0&#8243; _module_preset=&#8221;default&#8221; custom_margin=&#8221;||||false|false&#8221; global_colors_info=&#8221;{}&#8221; theme_builder_area=&#8221;post_content&#8221;]<\/p>\n<p style=\"text-align: justify;\"><span><span style=\"text-decoration: underline;\"><a href=\"https:\/\/www.atd.lv\/lv\/sabiedrisko-transportl%C4%ABdzek%C4%BCu-kust%C4%ABba\" target=\"_blank\" rel=\"noopener\"><strong>Schedule of buses for which it is not necessary to apply 36 hours in advance<\/strong><\/a> <\/span>and which are suitable for people with reduced mobility (marked with a special gray icon with a wheelchair &#8211; suitable for people with reduced mobility).<\/span><\/p>\n<p style=\"text-align: justify;\"><span><span style=\"text-decoration: underline;\"><strong><a href=\"https:\/\/www.atd.lv\/lv\/jaunumi\/piek%C4%BC%C5%ABstama-transportl%C4%ABdzek%C4%BCa-pieteik%C5%A1ana\" target=\"_blank\" rel=\"noopener\">List of contact information of passenger carrier companies<\/a><\/strong><\/span> to apply for a trip 36 hours in advance.<\/span><\/p>\n<p>[\/et_pb_text][et_pb_text _builder_version=&#8221;4.26.0&#8243; _module_preset=&#8221;default&#8221; background_color=&#8221;rgba(12,113,195,0.27)&#8221; custom_margin=&#8221;||||false|false&#8221; custom_padding=&#8221;1px|5px|1px|5px|false|false&#8221; global_colors_info=&#8221;{}&#8221; theme_builder_area=&#8221;post_content&#8221;]<\/p>\n<p style=\"text-align: justify;\"><span data-metadata=\"&lt;!--(figmeta)eyJmaWxlS2V5IjoiaG1TbFZyVlRkQXhCYzlRaG5HT2RwNiIsInBhc3RlSUQiOjY5MTE5MDgsImRhdGFUeXBlIjoic2NlbmUifQo=(\/figmeta)--&gt;\"><\/span>In order to improve the service of people with hearing impairments, the <strong>ticket sales office No. 4<\/strong> of the Coach Terminal is equipped with an audio induction loop or acoustic loop device.<\/p>\n<p>[\/et_pb_text][et_pb_heading title=&#8221;Location of the assistance call point &#8221; _builder_version=&#8221;4.25.2&#8243; _module_preset=&#8221;3603f56c-d04c-4274-8983-ef006e9d1b79&#8243; title_font=&#8221;|700||on|||||&#8221; custom_margin=&#8221;0px|0px|16px|0px|false|false&#8221; global_colors_info=&#8221;{}&#8221; theme_builder_area=&#8221;post_content&#8221;][\/et_pb_heading][et_pb_image src=&#8221;https:\/\/www.autoosta.lv\/wp-content\/uploads\/2026\/04\/20260317_1511341-1-scaled.jpg&#8221; title_text=&#8221;20260317_151134(1)&#8221; _builder_version=&#8221;4.27.6&#8243; _module_preset=&#8221;default&#8221; hover_enabled=&#8221;0&#8243; box_shadow_style=&#8221;preset4&#8243; global_colors_info=&#8221;{}&#8221; theme_builder_area=&#8221;post_content&#8221; sticky_enabled=&#8221;0&#8243;][\/et_pb_image][et_pb_image src=&#8221;https:\/\/www.autoosta.lv\/wp-content\/uploads\/2026\/04\/20260317_1510551-1-scaled.jpg&#8221; title_text=&#8221;20260317_151055(1)&#8221; _builder_version=&#8221;4.27.6&#8243; _module_preset=&#8221;default&#8221; hover_enabled=&#8221;0&#8243; box_shadow_style=&#8221;preset4&#8243; global_colors_info=&#8221;{}&#8221; theme_builder_area=&#8221;post_content&#8221; sticky_enabled=&#8221;0&#8243;][\/et_pb_image][et_pb_heading _builder_version=&#8221;4.26.0&#8243; _module_preset=&#8221;3603f56c-d04c-4274-8983-ef006e9d1b79&#8243; title_font=&#8221;|700||on|||||&#8221; custom_margin=&#8221;0px|0px|16px|0px|false|false&#8221; global_colors_info=&#8221;{}&#8221; theme_builder_area=&#8221;post_content&#8221;][\/et_pb_heading][et_pb_video _builder_version=&#8221;4.26.0&#8243; _module_preset=&#8221;default&#8221; box_shadow_style=&#8221;preset4&#8243; global_colors_info=&#8221;{}&#8221; theme_builder_area=&#8221;post_content&#8221;][\/et_pb_video][\/et_pb_column][\/et_pb_row][\/et_pb_section]<\/p>\n","protected":false},"excerpt":{"rendered":"<p>The terms of Assistance to People with Disabilities 1. The Joint-Stock Company \u201eR\u012bgas starptautisk\u0101 autoosta\u201d (hereinafter \u2013\u00a0 Coach Terminal) provides people with disabilities the following free assistant help at the Coach Terminal and its territory: mobility around the Coach Terminal and its territory (including assistance to reach the ticket sales office, the waiting hall, the [&hellip;]<\/p>\n","protected":false},"author":1,"featured_media":0,"parent":0,"menu_order":0,"comment_status":"closed","ping_status":"closed","template":"","meta":{"_et_pb_use_builder":"on","_et_pb_old_content":"","_et_gb_content_width":"","inline_featured_image":false,"footnotes":""},"class_list":["post-2266","page","type-page","status-publish","hentry"],"_links":{"self":[{"href":"https:\/\/www.autoosta.lv\/en\/wp-json\/wp\/v2\/pages\/2266","targetHints":{"allow":["GET"]}}],"collection":[{"href":"https:\/\/www.autoosta.lv\/en\/wp-json\/wp\/v2\/pages"}],"about":[{"href":"https:\/\/www.autoosta.lv\/en\/wp-json\/wp\/v2\/types\/page"}],"author":[{"embeddable":true,"href":"https:\/\/www.autoosta.lv\/en\/wp-json\/wp\/v2\/users\/1"}],"replies":[{"embeddable":true,"href":"https:\/\/www.autoosta.lv\/en\/wp-json\/wp\/v2\/comments?post=2266"}],"version-history":[{"count":14,"href":"https:\/\/www.autoosta.lv\/en\/wp-json\/wp\/v2\/pages\/2266\/revisions"}],"predecessor-version":[{"id":4647,"href":"https:\/\/www.autoosta.lv\/en\/wp-json\/wp\/v2\/pages\/2266\/revisions\/4647"}],"wp:attachment":[{"href":"https:\/\/www.autoosta.lv\/en\/wp-json\/wp\/v2\/media?parent=2266"}],"curies":[{"name":"wp","href":"https:\/\/api.w.org\/{rel}","templated":true}]}}